{"id":2675,"date":"2025-12-09T00:32:45","date_gmt":"2025-12-08T23:32:45","guid":{"rendered":"https:\/\/chytra-vyroba.cz\/?page_id=2675"},"modified":"2026-04-10T08:36:32","modified_gmt":"2026-04-10T06:36:32","slug":"hlavni-stranka","status":"publish","type":"page","link":"https:\/\/chytra-vyroba.cz\/en\/","title":{"rendered":"Home page"},"content":{"rendered":"<div class=\"wp-block-group alignfull is-layout-constrained wp-container-core-group-is-layout-a8c713e4 wp-block-group-is-layout-constrained\" style=\"margin-top:0;margin-bottom:0\">\n<div class=\"wp-block-group is-layout-flow wp-container-core-group-is-layout-dc056a8c wp-block-group-is-layout-flow\" style=\"margin-top:var(--wp--preset--spacing--60);margin-bottom:var(--wp--preset--spacing--60)\">\n<div class=\"wp-block-group is-content-justification-space-between is-layout-flex wp-container-core-group-is-layout-5cbc3d9d wp-block-group-is-layout-flex\" style=\"border-style:none;border-width:0px;border-radius:15px;margin-top:0;margin-bottom:0;padding-top:0;padding-right:0;padding-bottom:0;padding-left:0\">\n<div class=\"wp-block-group is-layout-constrained wp-container-core-group-is-layout-d93a0af5 wp-block-group-is-layout-constrained\">\n<div class=\"wp-block-group is-vertical is-layout-flex wp-container-core-group-is-layout-fe9cc265 wp-block-group-is-layout-flex\">\n<div class=\"wp-block-group animated fadeInUp is-vertical is-layout-flex wp-container-core-group-is-layout-fe9cc265 wp-block-group-is-layout-flex\">\n<h2 class=\"wp-block-heading\">Who am I? \ud83d\udca1<\/h2>\n\n\n\n<p>My name is\u00a0<strong>Thomas<\/strong>\u00a0<strong>Nejtek <\/strong>(formerly Thomas Hru\u0161ka) from Liberec and I am <strong>Automation specialist with IT overlap<\/strong>. I am dedicated to PLC programming, line activation and production data digitization. Thanks to my <strong>electrical qualification<\/strong> I can work independently.<\/p>\n\n\n\n<figure class=\"wp-block-image size-large has-custom-border\"><img data-dominant-color=\"7f8087\" data-has-transparency=\"false\" loading=\"lazy\" decoding=\"async\" width=\"1024\" height=\"662\" sizes=\"auto, (max-width: 740px) 100vw, 740px\" src=\"https:\/\/chytra-vyroba.cz\/wp-content\/uploads\/2026\/02\/SmartFactory-preview-1024x662.webp\" alt=\"\" class=\"wp-image-2879 not-transparent\" style=\"--dominant-color: #7f8087; border-radius:15px\" srcset=\"https:\/\/chytra-vyroba.cz\/wp-content\/uploads\/2026\/02\/SmartFactory-preview-1024x662.webp 1024w, https:\/\/chytra-vyroba.cz\/wp-content\/uploads\/2026\/02\/SmartFactory-preview-300x194.webp 300w, https:\/\/chytra-vyroba.cz\/wp-content\/uploads\/2026\/02\/SmartFactory-preview-768x496.webp 768w, https:\/\/chytra-vyroba.cz\/wp-content\/uploads\/2026\/02\/SmartFactory-preview-18x12.webp 18w, https:\/\/chytra-vyroba.cz\/wp-content\/uploads\/2026\/02\/SmartFactory-preview.webp 1297w\" \/><\/figure>\n<\/div>\n\n\n\n<div class=\"wp-block-group animated fadeInUp is-vertical is-layout-flex wp-container-core-group-is-layout-fe9cc265 wp-block-group-is-layout-flex\">\n<h2 class=\"wp-block-heading\">Experiences<\/h2>\n\n\n\n<p><strong>\u2705<\/strong> <strong>I have been reviving machines and production lines for over 7 years.<\/strong> I have worked for suppliers of single-purpose machines and custom-made lines, which has given me a broad range of technologies. As an external specialist, I have implemented projects for <strong>significant Tier 1 suppliers in the automotive industry (production of components for e-mobility, brake and fuel systems, chassis parts or air conditioning)<\/strong>.<\/p>\n\n\n\n<p class=\"animated fadeInUp\">\u2705 Thanks to my IT expertise, I can design a reliable infrastructure for <strong>data collection from machines and their visualization<\/strong> (e.g. using Docker containers). I connect industrial automation with modern data infrastructure.<\/p>\n<\/div>\n<\/div>\n<\/div>\n\n\n\n<div class=\"wp-block-themeisle-blocks-modal\"><\/div>\n\n\n\n<div class=\"wp-block-group animated fadeInUp is-layout-constrained wp-container-core-group-is-layout-2f0a6ce7 wp-block-group-is-layout-constrained\" style=\"border-radius:15px\">\n<figure class=\"wp-block-image size-large has-custom-border\"><img data-dominant-color=\"7f8087\" data-has-transparency=\"false\" loading=\"lazy\" decoding=\"async\" width=\"1024\" height=\"662\" sizes=\"auto, (max-width: 740px) 100vw, 740px\" src=\"https:\/\/chytra-vyroba.cz\/wp-content\/uploads\/2026\/02\/SmartFactory-preview-1024x662.webp\" alt=\"\" class=\"wp-image-2879 not-transparent\" style=\"--dominant-color: #7f8087; border-radius:15px\" srcset=\"https:\/\/chytra-vyroba.cz\/wp-content\/uploads\/2026\/02\/SmartFactory-preview-1024x662.webp 1024w, https:\/\/chytra-vyroba.cz\/wp-content\/uploads\/2026\/02\/SmartFactory-preview-300x194.webp 300w, https:\/\/chytra-vyroba.cz\/wp-content\/uploads\/2026\/02\/SmartFactory-preview-768x496.webp 768w, https:\/\/chytra-vyroba.cz\/wp-content\/uploads\/2026\/02\/SmartFactory-preview-18x12.webp 18w, https:\/\/chytra-vyroba.cz\/wp-content\/uploads\/2026\/02\/SmartFactory-preview.webp 1297w\" \/><\/figure>\n\n\n\n<div class=\"wp-block-group is-vertical is-layout-flex wp-container-core-group-is-layout-f12c7e63 wp-block-group-is-layout-flex\" style=\"padding-right:0;padding-left:0\">\n<h4 class=\"wp-block-heading\">Professional certificates<\/h4>\n\n\n\n<ul style=\"padding-right:0;padding-left:var(--wp--preset--spacing--50)\" class=\"wp-block-list\">\n<li><strong>Authorized Electrical Specialist (Czech NV 194\/2022 Sb. \u00a77 \/ European BA5 equivalent)<\/strong><br>(Valid certification for independent work and supervision on electrical installations)<\/li>\n<\/ul>\n\n\n\n<ul style=\"padding-right:0;padding-left:var(--wp--preset--spacing--50)\" class=\"wp-block-list\">\n<li><a href=\"https:\/\/hub.coderslab.cz\/certificate\/83aac45b-14fb-4d28-8dd6-27bef47bccfc\" target=\"_blank\" rel=\"noreferrer noopener\"><strong>Machine Learning Course<\/strong><\/a><br>(Coders Lab, 2025)<\/li>\n<\/ul>\n\n\n\n<ul style=\"padding-right:0;padding-left:var(--wp--preset--spacing--50)\" class=\"wp-block-list\">\n<li><a href=\"https:\/\/www.linkedin.com\/learning\/certificates\/122f4729da771195a4e4ddc92ec618128b831e8ea5be5df6f2c9ea26cb78d376\" target=\"_blank\" rel=\"noreferrer noopener\"><strong>Python Data Analysis<\/strong><\/a><br>(LinkedIn, 2025)<\/li>\n<\/ul>\n\n\n\n<ul style=\"padding-right:0;padding-left:var(--wp--preset--spacing--50)\" class=\"wp-block-list\">\n<li><a href=\"https:\/\/www.linkedin.com\/learning\/certificates\/02e54cb561dc46b9f548b9c1b49a2a1a8b86bc0ab5cdf5daf1babb6fcaf5fdcf\" target=\"_blank\" rel=\"noreferrer noopener\"><strong>Data Science Foundations: Fundamentals<\/strong><\/a><br>(LinkedIn, 2025)<\/li>\n<\/ul>\n<\/div>\n<\/div>\n<\/div>\n<\/div>\n<\/div>","protected":false},"excerpt":{"rendered":"<p>Kdo jsem? \ud83d\udca1 Jmenuji se\u00a0Tom\u00e1\u0161\u00a0Nejtek (d\u0159\u00edve Tom\u00e1\u0161 Hru\u0161ka) z Liberce a jsem specialista na automatizaci s p\u0159esahem do IT. V\u011bnuji se PLC programov\u00e1n\u00ed, o\u017eivov\u00e1n\u00ed linek a digitalizaci v\u00fdrobn\u00edch dat. D\u00edky elektrotechnick\u00e9 kvalifikaci pracuji samostatn\u011b. Zku\u0161enosti \u2705 Ji\u017e p\u0159es 7 let o\u017eivuji stroje a v\u00fdrobn\u00ed linky. Pro\u0161el jsem si prax\u00ed u dodavatel\u016f jedno\u00fa\u010delov\u00fdch stroj\u016f a linek [&hellip;]<\/p>\n","protected":false},"author":1,"featured_media":0,"parent":0,"menu_order":0,"comment_status":"closed","ping_status":"closed","template":"","meta":{"_themeisle_gutenberg_block_has_review":false,"footnotes":""},"class_list":["post-2675","page","type-page","status-publish","hentry"],"_links":{"self":[{"href":"https:\/\/chytra-vyroba.cz\/en\/wp-json\/wp\/v2\/pages\/2675","targetHints":{"allow":["GET"]}}],"collection":[{"href":"https:\/\/chytra-vyroba.cz\/en\/wp-json\/wp\/v2\/pages"}],"about":[{"href":"https:\/\/chytra-vyroba.cz\/en\/wp-json\/wp\/v2\/types\/page"}],"author":[{"embeddable":true,"href":"https:\/\/chytra-vyroba.cz\/en\/wp-json\/wp\/v2\/users\/1"}],"replies":[{"embeddable":true,"href":"https:\/\/chytra-vyroba.cz\/en\/wp-json\/wp\/v2\/comments?post=2675"}],"version-history":[{"count":0,"href":"https:\/\/chytra-vyroba.cz\/en\/wp-json\/wp\/v2\/pages\/2675\/revisions"}],"wp:attachment":[{"href":"https:\/\/chytra-vyroba.cz\/en\/wp-json\/wp\/v2\/media?parent=2675"}],"curies":[{"name":"wp","href":"https:\/\/api.w.org\/{rel}","templated":true}]}}