{"id":1918,"date":"2025-09-05T14:03:16","date_gmt":"2025-09-05T12:03:16","guid":{"rendered":"https:\/\/chytra-vyroba.cz\/?page_id=1918"},"modified":"2026-04-16T19:06:48","modified_gmt":"2026-04-16T17:06:48","slug":"kontakt","status":"publish","type":"page","link":"https:\/\/chytra-vyroba.cz\/cs\/kontakt\/","title":{"rendered":"Kontakt &#8211; Tom\u00e1\u0161 Nejtek"},"content":{"rendered":"\n<div class=\"wp-block-cover alignfull\" style=\"padding-top:24px;padding-right:24px;padding-bottom:24px;padding-left:24px;min-height:600px;aspect-ratio:unset;\"><img data-dominant-color=\"647273\" data-has-transparency=\"false\" style=\"--dominant-color: #647273;\" loading=\"lazy\" decoding=\"async\" width=\"1472\" height=\"832\" sizes=\"auto, 100vw\" class=\"wp-block-cover__image-background wp-image-2314 size-full not-transparent\" alt=\"\" src=\"https:\/\/chytra-vyroba.cz\/wp-content\/uploads\/2025\/09\/factory-bg-small.webp\" data-object-fit=\"cover\" srcset=\"https:\/\/chytra-vyroba.cz\/wp-content\/uploads\/2025\/09\/factory-bg-small.webp 1472w, https:\/\/chytra-vyroba.cz\/wp-content\/uploads\/2025\/09\/factory-bg-small-300x170.webp 300w, https:\/\/chytra-vyroba.cz\/wp-content\/uploads\/2025\/09\/factory-bg-small-1024x579.webp 1024w, https:\/\/chytra-vyroba.cz\/wp-content\/uploads\/2025\/09\/factory-bg-small-768x434.webp 768w, https:\/\/chytra-vyroba.cz\/wp-content\/uploads\/2025\/09\/factory-bg-small-18x10.webp 18w\" \/><span aria-hidden=\"true\" class=\"wp-block-cover__background has-cyan-bluish-gray-background-color has-background-dim-0 has-background-dim\"><\/span><div class=\"wp-block-cover__inner-container is-layout-flow wp-block-cover-is-layout-flow\">\n<div class=\"wp-block-group is-layout-constrained wp-container-core-group-is-layout-d8f60243 wp-block-group-is-layout-constrained\" style=\"margin-top:0;margin-bottom:0\">\n<h1 class=\"wp-block-heading alignwide has-text-align-center ticss-f59b684e\">Poptat spolupr\u00e1ci<\/h1>\n\n\n\n<figure class=\"wp-block-image aligncenter size-large is-resized has-custom-border\"><img data-dominant-color=\"b3bab9\" data-has-transparency=\"false\" loading=\"lazy\" decoding=\"async\" width=\"839\" height=\"1024\" sizes=\"auto, (max-width: 160px) 100vw, 160px\" src=\"https:\/\/chytra-vyroba.cz\/wp-content\/uploads\/2025\/09\/obr_profil_5.3-839x1024.webp\" alt=\"Bc. Tom\u00e1\u0161 Hru\u0161ka, PLC\u00a0Program\u00e1tor &amp; Specialista na Datovou\u00a0Anal\u00fdzu\" class=\"wp-image-2342 not-transparent\" style=\"--dominant-color: #b3bab9; border-radius:15px;width:160px\" srcset=\"https:\/\/chytra-vyroba.cz\/wp-content\/uploads\/2025\/09\/obr_profil_5.3-839x1024.webp 839w, https:\/\/chytra-vyroba.cz\/wp-content\/uploads\/2025\/09\/obr_profil_5.3-246x300.webp 246w, https:\/\/chytra-vyroba.cz\/wp-content\/uploads\/2025\/09\/obr_profil_5.3-768x938.webp 768w, https:\/\/chytra-vyroba.cz\/wp-content\/uploads\/2025\/09\/obr_profil_5.3-10x12.webp 10w, https:\/\/chytra-vyroba.cz\/wp-content\/uploads\/2025\/09\/obr_profil_5.3.webp 983w\" \/><\/figure>\n\n\n\n<p class=\"has-text-align-center ticss-6dfe3bd8 has-medium-font-size\" style=\"font-style:normal;font-weight:500\">Hled\u00e1te kapacitu pro automatizaci nebo IoT v\u00fdvoj? Ozv\u011bte se. Probereme technick\u00e9 mo\u017enosti a ihned zjist\u00edme, zda jsem pro v\u00e1\u0161 projekt t\u00edm spr\u00e1vn\u00fdm partnerem.<\/p>\n<\/div>\n<\/div><\/div>\n\n\n\n<div style=\"height:25px\" aria-hidden=\"true\" class=\"wp-block-spacer\"><\/div>\n\n\n\n<div class=\"wp-block-group is-layout-constrained wp-container-core-group-is-layout-4383d167 wp-block-group-is-layout-constrained\">\n<div class=\"wp-block-columns is-layout-flex wp-container-core-columns-is-layout-f5a44f5b wp-block-columns-is-layout-flex\">\n<div class=\"wp-block-column is-layout-flow wp-block-column-is-layout-flow\" style=\"flex-basis:450px\">\n<div class=\"wp-block-group ticss-d86a3c30 animated fadeInUp has-border-color has-background has-medium-font-size is-vertical is-content-justification-left is-layout-flex wp-container-core-group-is-layout-dd225191 wp-block-group-is-layout-flex\" style=\"border-color:#c3e6ff;border-width:2px;border-radius:15px;background-color:#f0f8ffe6\">\n<h2 class=\"wp-block-heading has-text-align-left\">Rychl\u00fd kontakt<\/h2>\n\n\n\n<div class=\"wp-block-group is-vertical is-layout-flex wp-container-core-group-is-layout-c35747d5 wp-block-group-is-layout-flex\">\n<p class=\"has-text-align-left\"><strong>Bc. Tom\u00e1\u0161 Nejtek<\/strong><br>(d\u0159\u00edve Tom\u00e1\u0161 Hru\u0161ka)<\/p>\n\n\n\n<p class=\"has-text-align-left\">Specialista pr\u016fmyslov\u00e9 automatizace a IIoT<\/p>\n\n\n\n<p>Liberec, \u010cR<\/p>\n\n\n\n<p>I\u010c:&nbsp;05944392<\/p>\n<\/div>\n\n\n\n<div class=\"wp-block-group is-nowrap is-layout-flex wp-container-core-group-is-layout-460ae1cf wp-block-group-is-layout-flex\" style=\"padding-right:0;padding-left:0\">\n<div id=\"wp-block-themeisle-blocks-font-awesome-icons-5570e872\" class=\"wp-block-themeisle-blocks-font-awesome-icons\"><span class=\"wp-block-themeisle-blocks-font-awesome-icons-container nan-padding\"><i class=\"fas fa-phone-alt\"><\/i><\/span><\/div>\n\n\n\n<p><a href=\"tel:+420735055345\">+420 735 055 345<\/a><\/p>\n<\/div>\n\n\n\n<div class=\"wp-block-group is-nowrap is-layout-flex wp-container-core-group-is-layout-fc054d2d wp-block-group-is-layout-flex\">\n<div id=\"wp-block-themeisle-blocks-font-awesome-icons-fdf2a5a6\" class=\"wp-block-themeisle-blocks-font-awesome-icons\"><span class=\"wp-block-themeisle-blocks-font-awesome-icons-container nan-padding\"><i class=\"fas fa-paper-plane\"><\/i><\/span><\/div>\n\n\n\n<p><a href=\"mailto:nejtek@chytra-vyroba.cz\">nejtek@chytra-vyroba.cz<\/a><\/p>\n<\/div>\n\n\n\n<div class=\"wp-block-group is-nowrap is-layout-flex wp-container-core-group-is-layout-f1189ed3 wp-block-group-is-layout-flex\">\n<div id=\"wp-block-themeisle-blocks-font-awesome-icons-18fdac9e\" class=\"wp-block-themeisle-blocks-font-awesome-icons\"><span class=\"wp-block-themeisle-blocks-font-awesome-icons-container nan-padding\"><i class=\"fab fa-linkedin\"><\/i><\/span><\/div>\n\n\n\n<p><a href=\"http:\/\/www.linkedin.com\/in\/tomas-nejtek\/\" target=\"_blank\" rel=\"noreferrer noopener\">LinkedIn<\/a><\/p>\n<\/div>\n\n\n\n<div class=\"wp-block-group is-vertical is-content-justification-center is-layout-flex wp-container-core-group-is-layout-30778a02 wp-block-group-is-layout-flex\">\n<figure class=\"wp-block-image size-full is-resized has-custom-border\" style=\"margin-top:var(--wp--preset--spacing--40)\"><img data-dominant-color=\"8b8b8b\" data-has-transparency=\"false\" loading=\"lazy\" decoding=\"async\" width=\"1950\" height=\"1950\" sizes=\"auto, (max-width: 235px) 100vw, 235px\" src=\"https:\/\/chytra-vyroba.cz\/wp-content\/uploads\/2026\/03\/e10afe2916b0cabc6a416f8ea2e4fb04.png\" alt=\"\" class=\"wp-image-2986 not-transparent\" style=\"--dominant-color: #8b8b8b; border-radius:10px;width:235px;height:auto\" srcset=\"https:\/\/chytra-vyroba.cz\/wp-content\/uploads\/2026\/03\/e10afe2916b0cabc6a416f8ea2e4fb04.png 1950w, https:\/\/chytra-vyroba.cz\/wp-content\/uploads\/2026\/03\/e10afe2916b0cabc6a416f8ea2e4fb04-300x300.png 300w, https:\/\/chytra-vyroba.cz\/wp-content\/uploads\/2026\/03\/e10afe2916b0cabc6a416f8ea2e4fb04-1024x1024.png 1024w, https:\/\/chytra-vyroba.cz\/wp-content\/uploads\/2026\/03\/e10afe2916b0cabc6a416f8ea2e4fb04-150x150.png 150w, https:\/\/chytra-vyroba.cz\/wp-content\/uploads\/2026\/03\/e10afe2916b0cabc6a416f8ea2e4fb04-768x768.png 768w, https:\/\/chytra-vyroba.cz\/wp-content\/uploads\/2026\/03\/e10afe2916b0cabc6a416f8ea2e4fb04-1536x1536.png 1536w, https:\/\/chytra-vyroba.cz\/wp-content\/uploads\/2026\/03\/e10afe2916b0cabc6a416f8ea2e4fb04-12x12.png 12w\" \/><\/figure>\n\n\n\n<p class=\"has-text-align-center has-small-font-size\">Vizitka k ulo\u017een\u00ed do mobilu<\/p>\n<\/div>\n\n\n\n<div class=\"wp-block-buttons is-layout-flex wp-block-buttons-is-layout-flex\">\n<div class=\"wp-block-button is-style-fill\"><a class=\"wp-block-button__link wp-element-button\" href=\"https:\/\/chytra-vyroba.cz\/wp-content\/uploads\/vcard-tomas-nejtek.vcf\" style=\"border-style:none;border-width:0px;border-radius:15px;padding-top:var(--wp--preset--spacing--30);padding-bottom:var(--wp--preset--spacing--30)\">Vizitka k ulo\u017een\u00ed do mobilu<\/a><\/div>\n<\/div>\n<\/div>\n<\/div>\n\n\n\n<div class=\"wp-block-column is-layout-flow wp-block-column-is-layout-flow\" style=\"flex-basis:750px\">\n<div class=\"wp-block-group ticss-4f5fa197 animated fadeInUp has-border-color has-background is-vertical is-content-justification-center is-layout-flex wp-container-core-group-is-layout-ce155fab wp-block-group-is-layout-flex\" style=\"border-color:#c3e6ff;border-width:2px;border-radius:15px;background-color:#f0f8ffe6\">\n<h2 class=\"wp-block-heading\">Odeslat nez\u00e1vaznou popt\u00e1vku<\/h2>\n\n\n\n<style>\n\/* Wrapper pro formul\u00e1\u0159 - zarovn\u00e1n\u00ed na st\u0159ed *\/\n.custom-form-wrapper {\n    max-width: 680px; \/* Maxim\u00e1ln\u00ed \u0161\u00ed\u0159ka formul\u00e1\u0159e *\/\n    width: 100%; \/* Formul\u00e1\u0159 zab\u00edr\u00e1 100% dostupn\u00e9 \u0161\u00ed\u0159ky *\/\n    margin: 0 auto; \/* Zarovn\u00e1n\u00ed na st\u0159ed *\/\n}\n\n\/* Zarovn\u00e1n\u00ed popisk\u016f vlevo *\/\n.custom-form-wrapper label {\n    display: block;\n    text-align: left; \/* Zarovn\u00e1n\u00ed vlevo *\/\n    font-weight: bold;\n}\n\n\/* Zarovn\u00e1n\u00ed vstupn\u00edch pol\u00ed na st\u0159ed *\/\n.custom-form-wrapper input[type=\"text\"],\n.custom-form-wrapper input[type=\"email\"],\n.custom-form-wrapper input[type=\"tel\"],\n.custom-form-wrapper input[type=\"file\"],\n.custom-form-wrapper textarea {\n    width: 95%;\n    padding: 8px;\n    margin: 8px auto; \/* Zarovn\u00e1n\u00ed na st\u0159ed *\/\n    display: block; \/* Zajist\u00ed, \u017ee se pole chovaj\u00ed jako blokov\u00e9 prvky *\/\n    border: 1px solid #ccc;\n    border-radius: 10px;\n    font-size: 15px;\n}\n\n\/* Zarovn\u00e1n\u00ed vstupn\u00edch pol\u00ed na st\u0159ed 2 *\/\n.custom-form-wrapper input[type=\"file\"]{\n    width: 95%;\n    padding: 8px;\n    margin: 0px auto; \/* Zarovn\u00e1n\u00ed na st\u0159ed *\/\n    display: block;\n    border: 1px solid #ccc;\n    border-radius: 10px;\n    font-size: 15px;\n}\n\n.custom-form-wrapper textarea {\n    resize: vertical; \/* Umo\u017e\u0148uje zm\u011bnu velikosti pouze nahoru a dol\u016f *\/\n    min-height: 150px; \/* V\u00fdchoz\u00ed v\u00fd\u0161ka *\/\n    max-height: 500px; \/* Maxim\u00e1ln\u00ed v\u00fd\u0161ka *\/\n}\n\n\/* Styl pro tla\u010d\u00edtko odesl\u00e1n\u00ed *\/\n.custom-form-wrapper input[type=\"submit\"] {\n    width: 70%; \/* Tla\u010d\u00edtko bude stejn\u011b \u0161irok\u00e9 jako vstupn\u00ed pole *\/\n    background-color: #f97316;\n    color: white;\n    padding: 15px 20px;\n    border: none;\n    border-radius: 15px;\n    cursor: pointer;\n    font-size: 16px;\n    margin: 10px auto; \/* Zarovn\u00e1n\u00ed na st\u0159ed *\/\n    display: block;\n}\n\n.custom-form-wrapper input[type=\"submit\"]:hover {\n    background-color: #ff8419;\n}\n\n<\/style>\n\n<div class=\"custom-form-wrapper\">\n    \n<div class=\"wpcf7 no-js\" id=\"wpcf7-f16-o1\" lang=\"cs-CZ\" dir=\"ltr\" data-wpcf7-id=\"16\">\n<div class=\"screen-reader-response\"><p role=\"status\" aria-live=\"polite\" aria-atomic=\"true\"><\/p> <ul><\/ul><\/div>\n<form action=\"\/cs\/wp-json\/wp\/v2\/pages\/1918#wpcf7-f16-o1\" method=\"post\" class=\"wpcf7-form init\" aria-label=\"Kontaktn\u00ed formul\u00e1\u0159\" enctype=\"multipart\/form-data\" novalidate=\"novalidate\" data-status=\"init\">\n<fieldset class=\"hidden-fields-container\"><input type=\"hidden\" name=\"_wpcf7\" value=\"16\" \/><input type=\"hidden\" name=\"_wpcf7_version\" value=\"6.1.5\" \/><input type=\"hidden\" name=\"_wpcf7_locale\" value=\"cs_CZ\" \/><input type=\"hidden\" name=\"_wpcf7_unit_tag\" value=\"wpcf7-f16-o1\" \/><input type=\"hidden\" name=\"_wpcf7_container_post\" value=\"0\" \/><input type=\"hidden\" name=\"_wpcf7_posted_data_hash\" value=\"\" \/>\n<\/fieldset>\n<p><label> Va\u0161e jm\u00e9no \/ Firma<br \/>\n<span class=\"wpcf7-form-control-wrap\" data-name=\"msg-name\"><input size=\"40\" maxlength=\"400\" class=\"wpcf7-form-control wpcf7-text wpcf7-validates-as-required\" autocomplete=\"name\" aria-required=\"true\" aria-invalid=\"false\" value=\"\" type=\"text\" name=\"msg-name\" \/><\/span> <\/label>\n<\/p>\n<p><label> E-mail<br \/>\n<span class=\"wpcf7-form-control-wrap\" data-name=\"msg-email\"><input size=\"40\" maxlength=\"400\" class=\"wpcf7-form-control wpcf7-email wpcf7-validates-as-required wpcf7-text wpcf7-validates-as-email\" autocomplete=\"email\" aria-required=\"true\" aria-invalid=\"false\" value=\"\" type=\"email\" name=\"msg-email\" \/><\/span> <\/label>\n<\/p>\n<p><label> Telefon<br \/>\n<span class=\"wpcf7-form-control-wrap\" data-name=\"msg-tel\"><input size=\"40\" maxlength=\"13\" minlength=\"9\" class=\"wpcf7-form-control wpcf7-tel wpcf7-validates-as-required wpcf7-text wpcf7-validates-as-tel\" aria-required=\"true\" aria-invalid=\"false\" value=\"\" type=\"tel\" name=\"msg-tel\" \/><\/span> <\/label>\n<\/p>\n<p><label> Text zpr\u00e1vy<br \/>\n<span class=\"wpcf7-form-control-wrap\" data-name=\"customer-message\"><textarea cols=\"40\" rows=\"10\" maxlength=\"2000\" class=\"wpcf7-form-control wpcf7-textarea wpcf7-validates-as-required\" aria-required=\"true\" aria-invalid=\"false\" placeholder=\"Uve\u010fte, \u010deho se va\u0161e popt\u00e1vka t\u00fdk\u00e1 a co od \u0159e\u0161en\u00ed o\u010dek\u00e1v\u00e1te.\" name=\"customer-message\"><\/textarea><\/span> <\/label>\n<\/p>\n<p><label> P\u0159\u00edloha (voliteln\u011b)<br \/>\n<span class=\"wpcf7-form-control-wrap\" data-name=\"customer-file-1\"><input size=\"40\" class=\"wpcf7-form-control wpcf7-file\" accept=\".pdf,.doc,.docx,.xls,.xlsx,.zip,.rar,.jpg,.jpeg,.png,.dwg\" aria-invalid=\"false\" type=\"file\" name=\"customer-file-1\" \/><\/span><br \/>\n<input class=\"wpcf7-form-control wpcf7-submit has-spinner\" type=\"submit\" value=\"Odeslat popt\u00e1vku\" \/><\/label>\n<\/p><div class=\"wpcf7-response-output\" aria-hidden=\"true\"><\/div>\n<\/form>\n<\/div>\n\n<\/div>\n<\/div>\n<\/div>\n<\/div>\n<\/div>\n\n\n\n<div class=\"wp-block-group alignfull has-background is-content-justification-center is-layout-constrained wp-container-core-group-is-layout-209248db wp-block-group-is-layout-constrained\" style=\"background-color:#f8f9fa;margin-top:0;margin-bottom:0;padding-top:var(--wp--preset--spacing--20);padding-bottom:var(--wp--preset--spacing--20)\">\n<div style=\"height:30px\" aria-hidden=\"true\" class=\"wp-block-spacer\"><\/div>\n\n\n\n<div class=\"wp-block-group animated fadeInUp is-content-justification-center is-layout-flex wp-container-core-group-is-layout-af5c4d54 wp-block-group-is-layout-flex\">\n<div class=\"wp-block-group is-layout-flex wp-container-core-group-is-layout-066bff3b wp-block-group-is-layout-flex\" style=\"padding-top:0;padding-right:0;padding-bottom:0;padding-left:0\">\n<figure class=\"wp-block-image size-full is-resized has-custom-border\"><img data-dominant-color=\"16a0a0\" data-has-transparency=\"false\" loading=\"lazy\" decoding=\"async\" width=\"64\" height=\"64\" sizes=\"auto, (max-width: 64px) 100vw, 64px\" src=\"https:\/\/chytra-vyroba.cz\/wp-content\/uploads\/2025\/09\/icon-siemens.webp\" alt=\"Logo Siemens\" class=\"wp-image-2327 not-transparent\" style=\"--dominant-color: #16a0a0; border-radius:10px;width:auto;height:47px\" srcset=\"https:\/\/chytra-vyroba.cz\/wp-content\/uploads\/2025\/09\/icon-siemens.webp 64w, https:\/\/chytra-vyroba.cz\/wp-content\/uploads\/2025\/09\/icon-siemens-12x12.webp 12w\" \/><\/figure>\n\n\n\n<figure class=\"wp-block-image size-full is-resized has-custom-border\"><img data-dominant-color=\"ee1515\" data-has-transparency=\"false\" loading=\"lazy\" decoding=\"async\" width=\"64\" height=\"64\" sizes=\"auto, (max-width: 64px) 100vw, 64px\" src=\"https:\/\/chytra-vyroba.cz\/wp-content\/uploads\/2025\/09\/icon-beckhoff.webp\" alt=\"Logo Beckhoff\" class=\"wp-image-2330 not-transparent\" style=\"--dominant-color: #ee1515; border-radius:10px;width:auto;height:47px\" srcset=\"https:\/\/chytra-vyroba.cz\/wp-content\/uploads\/2025\/09\/icon-beckhoff.webp 64w, https:\/\/chytra-vyroba.cz\/wp-content\/uploads\/2025\/09\/icon-beckhoff-12x12.webp 12w\" \/><\/figure>\n\n\n\n<figure class=\"wp-block-image size-full is-resized has-custom-border\"><img data-dominant-color=\"f8c608\" data-has-transparency=\"false\" loading=\"lazy\" decoding=\"async\" width=\"85\" height=\"64\" sizes=\"auto, (max-width: 85px) 100vw, 85px\" src=\"https:\/\/chytra-vyroba.cz\/wp-content\/uploads\/2025\/09\/icon-fanuc.webp\" alt=\"Logo Fanuc\" class=\"wp-image-2329 not-transparent\" style=\"--dominant-color: #f8c608; border-radius:10px;width:auto;height:47px\" srcset=\"https:\/\/chytra-vyroba.cz\/wp-content\/uploads\/2025\/09\/icon-fanuc.webp 85w, https:\/\/chytra-vyroba.cz\/wp-content\/uploads\/2025\/09\/icon-fanuc-16x12.webp 16w\" \/><\/figure>\n\n\n\n<figure class=\"wp-block-image size-full is-resized has-custom-border\"><img data-dominant-color=\"eae7e8\" data-has-transparency=\"false\" loading=\"lazy\" decoding=\"async\" width=\"96\" height=\"64\" sizes=\"auto, (max-width: 96px) 100vw, 96px\" src=\"https:\/\/chytra-vyroba.cz\/wp-content\/uploads\/2025\/09\/icon-keyence.webp\" alt=\"Logo Keyence\" class=\"wp-image-2326 not-transparent\" style=\"--dominant-color: #eae7e8; border-radius:10px;width:auto;height:47px\" srcset=\"https:\/\/chytra-vyroba.cz\/wp-content\/uploads\/2025\/09\/icon-keyence.webp 96w, https:\/\/chytra-vyroba.cz\/wp-content\/uploads\/2025\/09\/icon-keyence-18x12.webp 18w\" \/><\/figure>\n<\/div>\n\n\n\n<div class=\"wp-block-group is-layout-flex wp-container-core-group-is-layout-066bff3b wp-block-group-is-layout-flex\" style=\"padding-top:0;padding-right:0;padding-bottom:0;padding-left:0\">\n<figure class=\"wp-block-image size-full is-resized has-custom-border\"><img data-dominant-color=\"a5956b\" data-has-transparency=\"true\" loading=\"lazy\" decoding=\"async\" width=\"200\" height=\"200\" sizes=\"auto, (max-width: 200px) 100vw, 200px\" src=\"https:\/\/chytra-vyroba.cz\/wp-content\/uploads\/2025\/09\/linux2.webp\" alt=\"Logo Linux\" class=\"wp-image-2336 has-transparency\" style=\"--dominant-color: #a5956b; border-radius:10px;width:auto;height:47px\" srcset=\"https:\/\/chytra-vyroba.cz\/wp-content\/uploads\/2025\/09\/linux2.webp 200w, https:\/\/chytra-vyroba.cz\/wp-content\/uploads\/2025\/09\/linux2-150x150.webp 150w, https:\/\/chytra-vyroba.cz\/wp-content\/uploads\/2025\/09\/linux2-12x12.webp 12w\" \/><\/figure>\n\n\n\n<figure class=\"wp-block-image size-full is-resized has-custom-border\"><img loading=\"lazy\" decoding=\"async\" width=\"256\" height=\"185\" sizes=\"auto, (max-width: 256px) 100vw, 256px\" src=\"https:\/\/chytra-vyroba.cz\/wp-content\/uploads\/2025\/04\/docker.webp\" alt=\"Logo Docker\" class=\"wp-image-624\" style=\"border-radius:10px;width:auto;height:47px\"\/><\/figure>\n<\/div>\n\n\n\n<div class=\"wp-block-group is-layout-flex wp-container-core-group-is-layout-066bff3b wp-block-group-is-layout-flex\" style=\"padding-top:0;padding-right:0;padding-bottom:0;padding-left:0\">\n<figure class=\"wp-block-image size-full is-resized has-custom-border\"><img loading=\"lazy\" decoding=\"async\" width=\"256\" height=\"255\" sizes=\"auto, (max-width: 256px) 100vw, 256px\" src=\"https:\/\/chytra-vyroba.cz\/wp-content\/uploads\/2025\/04\/python.webp\" alt=\"Logo Python\" class=\"wp-image-616\" style=\"border-radius:10px;width:auto;height:47px\" srcset=\"https:\/\/chytra-vyroba.cz\/wp-content\/uploads\/2025\/04\/python.webp 256w, https:\/\/chytra-vyroba.cz\/wp-content\/uploads\/2025\/04\/python-150x150.webp 150w\" \/><\/figure>\n\n\n\n<figure class=\"wp-block-image size-full is-resized has-custom-border\"><img data-dominant-color=\"d2dbe7\" data-has-transparency=\"true\" loading=\"lazy\" decoding=\"async\" width=\"279\" height=\"304\" sizes=\"auto, (max-width: 279px) 100vw, 279px\" src=\"https:\/\/chytra-vyroba.cz\/wp-content\/uploads\/2025\/09\/icon-sql.webp\" alt=\"Logo SQL datab\u00e1ze\" class=\"wp-image-2328 has-transparency\" style=\"--dominant-color: #d2dbe7; border-radius:15px;width:auto;height:47px\" srcset=\"https:\/\/chytra-vyroba.cz\/wp-content\/uploads\/2025\/09\/icon-sql.webp 279w, https:\/\/chytra-vyroba.cz\/wp-content\/uploads\/2025\/09\/icon-sql-275x300.webp 275w, https:\/\/chytra-vyroba.cz\/wp-content\/uploads\/2025\/09\/icon-sql-11x12.webp 11w\" \/><\/figure>\n\n\n\n<figure class=\"wp-block-image size-full is-resized has-custom-border\"><img loading=\"lazy\" decoding=\"async\" width=\"512\" height=\"512\" sizes=\"auto, (max-width: 512px) 100vw, 512px\" src=\"https:\/\/chytra-vyroba.cz\/wp-content\/uploads\/2025\/04\/node-red.webp\" alt=\"Logo Node-RED\" class=\"wp-image-855\" style=\"border-radius:10px;width:auto;height:47px\" srcset=\"https:\/\/chytra-vyroba.cz\/wp-content\/uploads\/2025\/04\/node-red.webp 512w, https:\/\/chytra-vyroba.cz\/wp-content\/uploads\/2025\/04\/node-red-300x300.webp 300w, https:\/\/chytra-vyroba.cz\/wp-content\/uploads\/2025\/04\/node-red-150x150.webp 150w\" \/><\/figure>\n<\/div>\n<\/div>\n\n\n\n<div style=\"height:15px\" aria-hidden=\"true\" class=\"wp-block-spacer\"><\/div>\n\n\n\n<div class=\"wp-block-buttons is-content-justification-center is-layout-flex wp-container-core-buttons-is-layout-a89b3969 wp-block-buttons-is-layout-flex\">\n<div class=\"wp-block-button is-style-fill\"><a class=\"wp-block-button__link wp-element-button\" href=\"\/\" style=\"border-style:none;border-width:0px;border-radius:15px;padding-top:var(--wp--preset--spacing--30);padding-bottom:var(--wp--preset--spacing--30)\">Vr\u00e1tit se na hlavn\u00ed str\u00e1nku<\/a><\/div>\n<\/div>\n\n\n\n<div style=\"height:15px\" aria-hidden=\"true\" class=\"wp-block-spacer\"><\/div>\n<\/div>\n","protected":false},"excerpt":{"rendered":"<p>Rychl\u00fd kontakt Bc. Tom\u00e1\u0161 Nejtek(d\u0159\u00edve Tom\u00e1\u0161 Hru\u0161ka) Specialista pr\u016fmyslov\u00e9 automatizace a IIoT Liberec, \u010cR I\u010c:&nbsp;05944392 +420 735 055 345 nejtek@chytra-vyroba.cz LinkedIn Vizitka k ulo\u017een\u00ed do mobilu Odeslat nez\u00e1vaznou popt\u00e1vku<\/p>\n","protected":false},"author":1,"featured_media":0,"parent":0,"menu_order":0,"comment_status":"closed","ping_status":"closed","template":"","meta":{"_themeisle_gutenberg_block_has_review":false,"footnotes":""},"class_list":["post-1918","page","type-page","status-publish","hentry"],"_links":{"self":[{"href":"https:\/\/chytra-vyroba.cz\/cs\/wp-json\/wp\/v2\/pages\/1918","targetHints":{"allow":["GET"]}}],"collection":[{"href":"https:\/\/chytra-vyroba.cz\/cs\/wp-json\/wp\/v2\/pages"}],"about":[{"href":"https:\/\/chytra-vyroba.cz\/cs\/wp-json\/wp\/v2\/types\/page"}],"author":[{"embeddable":true,"href":"https:\/\/chytra-vyroba.cz\/cs\/wp-json\/wp\/v2\/users\/1"}],"replies":[{"embeddable":true,"href":"https:\/\/chytra-vyroba.cz\/cs\/wp-json\/wp\/v2\/comments?post=1918"}],"version-history":[{"count":1,"href":"https:\/\/chytra-vyroba.cz\/cs\/wp-json\/wp\/v2\/pages\/1918\/revisions"}],"predecessor-version":[{"id":3013,"href":"https:\/\/chytra-vyroba.cz\/cs\/wp-json\/wp\/v2\/pages\/1918\/revisions\/3013"}],"wp:attachment":[{"href":"https:\/\/chytra-vyroba.cz\/cs\/wp-json\/wp\/v2\/media?parent=1918"}],"curies":[{"name":"wp","href":"https:\/\/api.w.org\/{rel}","templated":true}]}}